{"id":3,"date":"2006-04-23T12:49:01","date_gmt":"2006-04-23T10:49:01","guid":{"rendered":"https:\/\/www.glosa.info\/?page_id=3"},"modified":"2014-06-20T10:25:22","modified_gmt":"2014-06-20T09:25:22","slug":"wydawnictwa","status":"publish","type":"page","link":"https:\/\/www.glosa.info\/?page_id=3","title":{"rendered":"Wydawnictwa"},"content":{"rendered":"<p>Strony wydawnictw, od kt\u00f3rych dostaj\u0119 ksi\u0105\u017cki do recenzji:<\/p>\n<p><a title=\"Link do strony wydawnictwa\" href=\"http:\/\/iskry.com.pl\/\" target=\"_blank\">Wydawnictwo Iskry<\/a><\/p>\n<p><a title=\"Link do strony wydawnictwa\" href=\"http:\/\/www.jednosc.com.pl\/jednosc\/\" target=\"_blank\">Wydawnictwo Jedno\u015b\u0107 <\/a><\/p>\n<p><a title=\"Link do strony wydawnictwa\" href=\"http:\/\/znak.com.pl\/\" target=\"_blank\">Spo\u0142eczny Instytut Wydawniczy Znak <\/a><\/p>\n<p><a title=\"Link do strony wydawnictwa\" href=\"http:\/\/wdrodze.pl\/\" target=\"_blank\">Wydawnictwo Polskiej Prowincji Dominikan\u00f3w W drodze<\/a><\/p>\n<p><a title=\"Link do strony wydawnictwa\" href=\"http:\/\/www.zysk.com.pl\" target=\"_blank\">Zysk i S-ka Wydawnictwo<\/a><\/p>\n<p><a title=\"Link do strony wydawnictwa\" href=\"http:\/\/www.vocatio.com.pl\" target=\"_blank\">Oficyna Wydawnicza Vocatio<\/a><\/p>\n<p><a title=\"Link do strony wydawnictwa\" href=\"http:\/\/www.czarne.com.pl\" target=\"_blank\">Wydawnictwo Czarne<\/a><\/p>\n<p><a title=\"Link do strony wydawnictwa\" href=\"http:\/\/www.wydawnictwoliterackie.pl\" target=\"_blank\">Wydawnictwo Literackie<\/a><\/p>\n<p><a title=\"Link do strony wydawnictwa\" href=\"http:\/\/www.muchaniesiada.com\" target=\"_blank\">Wydawnictwo Muchaniesiada.com<\/a><\/p>\n<p><a title=\"Link do strony wydawnictwa\" href=\"http:\/\/www.wydawnictwodwiesiostry.pl\" target=\"_blank\">Wydawnictwo Dwie Siostry<\/a><\/p>\n<p><a title=\"Link do strony wydawnictwa\" href=\"http:\/\/wab.com.pl\" target=\"_blank\">Wydawnictwo W.A.B.<\/a><\/p>\n<p><a title=\"Link do strony wydawnictwa\" href=\"http:\/\/www.wkts.pl\/\" target=\"_blank\">Wydawnictwo Ksi\u0105\u017ckowe Tw\u00f3j Styl<\/a><\/p>\n<p><a title=\"Link do strony wydawnictwa\" href=\"http:\/\/www.cyklady.com.pl\/\" target=\"_blank\">Wydawnictwo Cyklady<\/a><\/p>\n<p><a title=\"Link do strony wydawnictwa\" href=\"http:\/\/jirafaroja.pl\/\" target=\"_blank\">Jirafa Roja<\/a><\/p>\n<p><a title=\"Link do strony wydawnictwa\" href=\"http:\/\/www.waip.com.pl\/\" target=\"_blank\">Wydawnictwa Akademickie i Profesjonalne<\/a><\/p>\n<p><a title=\"Link do strony wydawnictwa\" href=\"http:\/\/www.riw.pl\/\" target=\"_blank\">Rosner &amp; Wsp\u00f3lnicy<\/a><\/p>\n<p><a title=\"Link do strony wydawnictwa\" href=\"http:\/\/www.proszynski.pl\/\" target=\"_blank\">Pr\u00f3szy\u0144ski i S-ka<\/a><\/p>\n<p><a title=\"Link do strony wydawnictwa\" href=\"http:\/\/www.zeszytyliterackie.pl\/\" target=\"_blank\">Zeszyty Literackie<\/a><\/p>\n<p><a title=\"Link do strony wydawnictwa\" href=\"http:\/\/www.terytoria.com.pl\/\" target=\"_blank\">s\u0142owo\/obraz terytoria<\/a><\/p>\n<p><a title=\"Link do strony wydawnictwa\" href=\"http:\/\/www.wuw.pl\/\" target=\"_blank\">Wydawnictwa Uniwersytetu Warszawskiego<\/a><\/p>\n<p><a title=\"Link do strony wydawnictwa\" href=\"http:\/\/www.kojro.pl\/\" target=\"_blank\">Wydawnictwo Kojro<\/a><\/p>\n<p><a title=\"Link do strony wydawnictwa\" href=\"http:\/\/www.wydawnictwotrio.pl\/\" target=\"_blank\">Wydawnictwo Trio<\/a><\/p>\n<p><a title=\"Link do strony wydawnictwa\" href=\"http:\/\/www.wfw.com.pl\/\" target=\"_blank\">Warszawska Firma Wydawnicza<\/a><\/p>\n<p><a title=\"Link do strony wydawnictwa\" href=\"http:\/\/www.nk.com.pl\/engine\/index.php?page=kategoria&amp;id=36\" target=\"_blank\">Wydawnictwo Nasza Ksi\u0119garnia<\/a><\/p>\n<p><a title=\"Link do strony wydawnictwa\" href=\"http:\/\/www.karakter.pl\/\" target=\"_blank\">Wydawnictwo Karakter<\/a><\/p>\n<p>Przedstawicieli wydawnictw, kt\u00f3re chc\u0105 przesy\u0142a\u0107 swoje nowo\u015bci, prosz\u0119 o kontakt pod adresem: <a title=\"Adres e-mail\" href=\"mailto:pawel[wstaw_at]piotrowicz.info\">pawel[at]piotrowicz.info<\/a>.<\/p>\n<p>Ksi\u0105\u017cki do recenzji mo\u017cna przesy\u0142a\u0107 na adres:<br \/>\nPawe\u0142 Adam Piotrowicz<br \/>\n00-987 Warszawa 4<br \/>\nskrytka pocztowa 291<\/p>\n","protected":false},"excerpt":{"rendered":"<p>Strony wydawnictw, od kt\u00f3rych dostaj\u0119 ksi\u0105\u017cki do recenzji: Wydawnictwo Iskry Wydawnictwo Jedno\u015b\u0107 Spo\u0142eczny Instytut Wydawniczy Znak Wydawnictwo Polskiej Prowincji Dominikan\u00f3w W drodze Zysk i S-ka Wydawnictwo Oficyna Wydawnicza Vocatio Wydawnictwo Czarne Wydawnictwo Literackie Wydawnictwo Muchaniesiada.com Wydawnictwo Dwie Siostry Wydawnictwo W.A.B. Wydawnictwo Ksi\u0105\u017ckowe Tw\u00f3j Styl Wydawnictwo Cyklady Jirafa Roja Wydawnictwa Akademickie i Profesjonalne Rosner &amp; Wsp\u00f3lnicy [&hellip;]<\/p>\n","protected":false},"author":1,"featured_media":0,"parent":0,"menu_order":0,"comment_status":"open","ping_status":"open","template":"","meta":{"footnotes":""},"class_list":["post-3","page","type-page","status-publish","hentry"],"_links":{"self":[{"href":"https:\/\/www.glosa.info\/index.php?rest_route=\/wp\/v2\/pages\/3","targetHints":{"allow":["GET"]}}],"collection":[{"href":"https:\/\/www.glosa.info\/index.php?rest_route=\/wp\/v2\/pages"}],"about":[{"href":"https:\/\/www.glosa.info\/index.php?rest_route=\/wp\/v2\/types\/page"}],"author":[{"embeddable":true,"href":"https:\/\/www.glosa.info\/index.php?rest_route=\/wp\/v2\/users\/1"}],"replies":[{"embeddable":true,"href":"https:\/\/www.glosa.info\/index.php?rest_route=%2Fwp%2Fv2%2Fcomments&post=3"}],"version-history":[{"count":6,"href":"https:\/\/www.glosa.info\/index.php?rest_route=\/wp\/v2\/pages\/3\/revisions"}],"predecessor-version":[{"id":130,"href":"https:\/\/www.glosa.info\/index.php?rest_route=\/wp\/v2\/pages\/3\/revisions\/130"}],"wp:attachment":[{"href":"https:\/\/www.glosa.info\/index.php?rest_route=%2Fwp%2Fv2%2Fmedia&parent=3"}],"curies":[{"name":"wp","href":"https:\/\/api.w.org\/{rel}","templated":true}]}}